{"id":280,"date":"2025-07-29T14:27:52","date_gmt":"2025-07-29T12:27:52","guid":{"rendered":"https:\/\/beta.crophealthab.com\/?page_id=280"},"modified":"2025-09-09T15:22:04","modified_gmt":"2025-09-09T13:22:04","slug":"godning","status":"publish","type":"page","link":"https:\/\/beta.crophealthab.com\/?page_id=280","title":{"rendered":"G\u00f6dning"},"content":{"rendered":"\n<div class=\"wp-block-group alignwide is-layout-flow wp-block-group-is-layout-flow\" style=\"padding-bottom:0\">\n<p class=\"has-medium-font-size wp-block-paragraph\" data-aos=\"fade-right\" data-aos-delay=\"500\">R\u00e4tt g\u00f6dning \u00e4r nyckeln till starka och t\u00e5liga gr\u00e4sytor. <br>Vi erbjuder ett brett sortiment anpassat f\u00f6r olika behov \u2013 fr\u00e5n fintrimmade golfgreener till fotbollsplaner och andra slitstarka spel- och gr\u00e4sytor. <br>V\u00e5ra produkter \u00e4r framtagna f\u00f6r att ge optimal n\u00e4ring, b\u00e4ttre motst\u00e5ndskraft och en j\u00e4mnare tillv\u00e4xt \u00e5ret runt.<\/p>\n<\/div>\n\n\n\n<div class=\"wp-block-group alignfull has-global-padding is-layout-constrained wp-block-group-is-layout-constrained\">\n<div class=\"wp-block-group alignwide is-layout-flow wp-block-group-is-layout-flow\"><div class=\"kb-row-layout-wrap kb-row-layout-id280_8949d9-92 alignwide wp-block-kadence-rowlayout\"><div class=\"kt-row-column-wrap kt-has-5-columns kt-row-layout-equal kt-tab-layout-inherit kt-mobile-layout-row kt-row-valign-top\">\n\n<div class=\"wp-block-kadence-column kadence-column280_46db1a-8f kb-section-has-link hvr-bob\"><div class=\"kt-inside-inner-col\">\n<figure class=\"wp-block-image size-large has-custom-border\" data-aos=\"fade-up\" data-aos-duration=\"500\" data-aos-offset=\"50\"><img loading=\"lazy\" decoding=\"async\" width=\"819\" height=\"1024\" src=\"https:\/\/beta.crophealthab.com\/wp-content\/uploads\/2025\/08\/golf-5216737_1280-819x1024.jpg\" alt=\"\" class=\"wp-image-756\" style=\"border-radius:25px\" srcset=\"https:\/\/beta.crophealthab.com\/wp-content\/uploads\/2025\/08\/golf-5216737_1280-819x1024.jpg 819w, https:\/\/beta.crophealthab.com\/wp-content\/uploads\/2025\/08\/golf-5216737_1280-240x300.jpg 240w, https:\/\/beta.crophealthab.com\/wp-content\/uploads\/2025\/08\/golf-5216737_1280-768x960.jpg 768w, https:\/\/beta.crophealthab.com\/wp-content\/uploads\/2025\/08\/golf-5216737_1280-1229x1536.jpg 1229w, https:\/\/beta.crophealthab.com\/wp-content\/uploads\/2025\/08\/golf-5216737_1280.jpg 1536w\" sizes=\"auto, (max-width: 819px) 100vw, 819px\" \/><\/figure>\n\n\n\n<div class=\"wp-block-group is-nowrap is-layout-flex wp-container-core-group-is-layout-3a88641f wp-block-group-is-layout-flex\">\n<h2 class=\"wp-block-heading has-base-color has-text-color has-background has-link-color has-large-font-size wp-elements-3f52cc8bea1a64cec38d5afe2192ef16\" style=\"border-radius:25px;background:linear-gradient(300deg,rgb(117,158,46) 0%,rgb(153,202,58) 100%);margin-top:-50px;margin-left:var(--wp--preset--spacing--30);padding-top:var(--wp--preset--spacing--20);padding-right:var(--wp--preset--spacing--30);padding-bottom:var(--wp--preset--spacing--20);padding-left:var(--wp--preset--spacing--30)\" data-aos=\"zoom-in\" data-aos-delay=\"200\" data-aos-duration=\"200\" data-aos-offset=\"50\">Green<\/h2>\n<\/div>\n<\/div><a href=\"https:\/\/beta.crophealthab.com\/?page_id=304\" class=\"kb-section-link-overlay\"><\/a><\/div>\n\n\n\n<div class=\"wp-block-kadence-column kadence-column280_127c67-f1 kb-section-has-link hvr-bob\"><div class=\"kt-inside-inner-col\">\n<figure class=\"wp-block-image size-large has-custom-border\" data-aos=\"fade-up\" data-aos-duration=\"500\" data-aos-offset=\"50\"><img loading=\"lazy\" decoding=\"async\" width=\"819\" height=\"1024\" src=\"https:\/\/beta.crophealthab.com\/wp-content\/uploads\/2025\/08\/soccer-2042585_1280-819x1024.jpg\" alt=\"\" class=\"wp-image-757\" style=\"border-radius:25px\" srcset=\"https:\/\/beta.crophealthab.com\/wp-content\/uploads\/2025\/08\/soccer-2042585_1280-819x1024.jpg 819w, https:\/\/beta.crophealthab.com\/wp-content\/uploads\/2025\/08\/soccer-2042585_1280-240x300.jpg 240w, https:\/\/beta.crophealthab.com\/wp-content\/uploads\/2025\/08\/soccer-2042585_1280-768x960.jpg 768w, https:\/\/beta.crophealthab.com\/wp-content\/uploads\/2025\/08\/soccer-2042585_1280-1229x1536.jpg 1229w, https:\/\/beta.crophealthab.com\/wp-content\/uploads\/2025\/08\/soccer-2042585_1280.jpg 1536w\" sizes=\"auto, (max-width: 819px) 100vw, 819px\" \/><\/figure>\n\n\n\n<div class=\"wp-block-group is-nowrap is-layout-flex wp-container-core-group-is-layout-3a88641f wp-block-group-is-layout-flex\">\n<h2 class=\"wp-block-heading has-base-color has-text-color has-background has-link-color has-large-font-size wp-elements-c9981e178c40cf090db19586f8c8235c\" style=\"border-radius:25px;background:linear-gradient(300deg,rgb(117,158,46) 0%,rgb(153,202,58) 100%);margin-top:-50px;margin-left:var(--wp--preset--spacing--30);padding-top:var(--wp--preset--spacing--20);padding-right:var(--wp--preset--spacing--30);padding-bottom:var(--wp--preset--spacing--20);padding-left:var(--wp--preset--spacing--30)\" data-aos=\"zoom-in\" data-aos-delay=\"200\" data-aos-duration=\"200\" data-aos-offset=\"50\">Tee\/FW\/Fotboll<\/h2>\n<\/div>\n<\/div><a href=\"https:\/\/beta.crophealthab.com\/?page_id=298\" class=\"kb-section-link-overlay\"><\/a><\/div>\n\n\n\n<div class=\"wp-block-kadence-column kadence-column280_a54bc1-1e\"><div class=\"kt-inside-inner-col\"><\/div><\/div>\n\n\n\n<div class=\"wp-block-kadence-column kadence-column280_df1cad-00\"><div class=\"kt-inside-inner-col\"><\/div><\/div>\n\n\n\n<div class=\"wp-block-kadence-column kadence-column280_4d3332-13\"><div class=\"kt-inside-inner-col\"><\/div><\/div>\n\n<\/div><\/div><\/div>\n<\/div>\n","protected":false},"excerpt":{"rendered":"<p>R\u00e4tt g\u00f6dning \u00e4r nyckeln till starka och t\u00e5liga gr\u00e4sytor. Vi erbjuder ett brett sortiment anpassat f\u00f6r olika behov \u2013 fr\u00e5n fintrimmade golfgreener till fotbollsplaner och andra slitstarka spel- och gr\u00e4sytor. V\u00e5ra produkter \u00e4r framtagna f\u00f6r att ge optimal n\u00e4ring, b\u00e4ttre motst\u00e5ndskraft och en j\u00e4mnare tillv\u00e4xt \u00e5ret runt. Green Tee\/FW\/Fotboll<\/p>\n","protected":false},"author":1,"featured_media":0,"parent":189,"menu_order":0,"comment_status":"closed","ping_status":"closed","template":"produktkategori","meta":{"_crdt_document":"","footnotes":""},"class_list":["post-280","page","type-page","status-publish","hentry"],"_links":{"self":[{"href":"https:\/\/beta.crophealthab.com\/index.php?rest_route=\/wp\/v2\/pages\/280","targetHints":{"allow":["GET"]}}],"collection":[{"href":"https:\/\/beta.crophealthab.com\/index.php?rest_route=\/wp\/v2\/pages"}],"about":[{"href":"https:\/\/beta.crophealthab.com\/index.php?rest_route=\/wp\/v2\/types\/page"}],"author":[{"embeddable":true,"href":"https:\/\/beta.crophealthab.com\/index.php?rest_route=\/wp\/v2\/users\/1"}],"replies":[{"embeddable":true,"href":"https:\/\/beta.crophealthab.com\/index.php?rest_route=%2Fwp%2Fv2%2Fcomments&post=280"}],"version-history":[{"count":18,"href":"https:\/\/beta.crophealthab.com\/index.php?rest_route=\/wp\/v2\/pages\/280\/revisions"}],"predecessor-version":[{"id":1581,"href":"https:\/\/beta.crophealthab.com\/index.php?rest_route=\/wp\/v2\/pages\/280\/revisions\/1581"}],"up":[{"embeddable":true,"href":"https:\/\/beta.crophealthab.com\/index.php?rest_route=\/wp\/v2\/pages\/189"}],"wp:attachment":[{"href":"https:\/\/beta.crophealthab.com\/index.php?rest_route=%2Fwp%2Fv2%2Fmedia&parent=280"}],"curies":[{"name":"wp","href":"https:\/\/api.w.org\/{rel}","templated":true}]}}