{"id":291,"date":"2025-07-29T14:42:16","date_gmt":"2025-07-29T12:42:16","guid":{"rendered":"https:\/\/beta.crophealthab.com\/?page_id=291"},"modified":"2025-09-09T15:40:39","modified_gmt":"2025-09-09T13:40:39","slug":"fro","status":"publish","type":"page","link":"https:\/\/beta.crophealthab.com\/?page_id=291","title":{"rendered":"Fr\u00f6\/F\u00e4rdigt gr\u00e4s"},"content":{"rendered":"\n<div class=\"wp-block-group alignwide is-layout-flow wp-block-group-is-layout-flow\" style=\"padding-bottom:0\">\n<p class=\"has-medium-font-size wp-block-paragraph\" data-aos=\"fade-right\" data-aos-delay=\"500\">Vi erbjuder noga utvalda gr\u00e4sblandningar anpassade f\u00f6r golf, fotboll och andra sportytor, samt blandningar f\u00f6r naturliga \u00e4ngsmilj\u00f6er. <br>Sortimentet inkluderar \u00e4ven specialiserade krypvensblandningar f\u00f6r h\u00f6gsta kvalitet p\u00e5 greener och finytor. <br>F\u00f6r den som vill ha ett snabbt och j\u00e4mnt resultat finns f\u00e4rdigt greengr\u00e4s p\u00e5 rulle \u2013 exklusiv krypven fr\u00e5n Spanien.<\/p>\n<\/div>\n\n\n\n<div class=\"wp-block-group alignfull has-global-padding is-layout-constrained wp-block-group-is-layout-constrained\">\n<div class=\"wp-block-group alignwide is-layout-flow wp-block-group-is-layout-flow\"><div class=\"kb-row-layout-wrap kb-row-layout-id291_bfeb05-5b alignwide wp-block-kadence-rowlayout\"><div class=\"kt-row-column-wrap kt-has-5-columns kt-row-layout-equal kt-tab-layout-inherit kt-mobile-layout-row kt-row-valign-top\">\n\n<div class=\"wp-block-kadence-column kadence-column291_f016ad-74 kb-section-has-link hvr-bob\"><div class=\"kt-inside-inner-col\">\n<figure class=\"wp-block-image size-large has-custom-border\" data-aos=\"fade-up\" data-aos-duration=\"500\" data-aos-offset=\"50\"><img loading=\"lazy\" decoding=\"async\" width=\"819\" height=\"1024\" src=\"https:\/\/beta.crophealthab.com\/wp-content\/uploads\/2025\/08\/angsgroe-819x1024.jpg\" alt=\"\" class=\"wp-image-769\" style=\"border-radius:25px\" srcset=\"https:\/\/beta.crophealthab.com\/wp-content\/uploads\/2025\/08\/angsgroe-819x1024.jpg 819w, https:\/\/beta.crophealthab.com\/wp-content\/uploads\/2025\/08\/angsgroe-240x300.jpg 240w, https:\/\/beta.crophealthab.com\/wp-content\/uploads\/2025\/08\/angsgroe-768x960.jpg 768w, https:\/\/beta.crophealthab.com\/wp-content\/uploads\/2025\/08\/angsgroe-1229x1536.jpg 1229w, https:\/\/beta.crophealthab.com\/wp-content\/uploads\/2025\/08\/angsgroe.jpg 1536w\" sizes=\"auto, (max-width: 819px) 100vw, 819px\" \/><\/figure>\n\n\n\n<div class=\"wp-block-group is-nowrap is-layout-flex wp-container-core-group-is-layout-3a88641f wp-block-group-is-layout-flex\">\n<h2 class=\"wp-block-heading has-base-color has-text-color has-background has-link-color has-large-font-size wp-elements-2dfb727fa75cebfce4e28aa38055129a\" style=\"border-radius:25px;background:linear-gradient(300deg,rgb(117,158,46) 0%,rgb(153,202,58) 100%);margin-top:-50px;margin-left:var(--wp--preset--spacing--30);padding-top:var(--wp--preset--spacing--20);padding-right:var(--wp--preset--spacing--30);padding-bottom:var(--wp--preset--spacing--20);padding-left:var(--wp--preset--spacing--30)\" data-aos=\"zoom-in\" data-aos-delay=\"200\" data-aos-duration=\"200\" data-aos-offset=\"50\">Fr\u00f6<\/h2>\n<\/div>\n<\/div><a href=\"https:\/\/beta.crophealthab.com\/?cat=41\" class=\"kb-section-link-overlay\"><\/a><\/div>\n\n\n\n<div class=\"wp-block-kadence-column kadence-column291_cb5202-09 kb-section-has-link hvr-bob\"><div class=\"kt-inside-inner-col\">\n<figure class=\"wp-block-image size-full has-custom-border\" data-aos=\"fade-up\" data-aos-duration=\"500\" data-aos-offset=\"50\"><img loading=\"lazy\" decoding=\"async\" width=\"720\" height=\"900\" src=\"https:\/\/beta.crophealthab.com\/wp-content\/uploads\/2025\/08\/4.jpg\" alt=\"\" class=\"wp-image-763\" style=\"border-radius:25px\" srcset=\"https:\/\/beta.crophealthab.com\/wp-content\/uploads\/2025\/08\/4.jpg 720w, https:\/\/beta.crophealthab.com\/wp-content\/uploads\/2025\/08\/4-240x300.jpg 240w\" sizes=\"auto, (max-width: 720px) 100vw, 720px\" \/><\/figure>\n\n\n\n<div class=\"wp-block-group is-nowrap is-layout-flex wp-container-core-group-is-layout-3a88641f wp-block-group-is-layout-flex\">\n<h2 class=\"wp-block-heading has-base-color has-text-color has-background has-link-color has-large-font-size wp-elements-9bfa18b70f603173855bfe2a1b1a1766\" style=\"border-radius:25px;background:linear-gradient(300deg,rgb(117,158,46) 0%,rgb(153,202,58) 100%);margin-top:-50px;margin-left:var(--wp--preset--spacing--30);padding-top:var(--wp--preset--spacing--20);padding-right:var(--wp--preset--spacing--30);padding-bottom:var(--wp--preset--spacing--20);padding-left:var(--wp--preset--spacing--30)\" data-aos=\"zoom-in\" data-aos-delay=\"200\" data-aos-duration=\"200\" data-aos-offset=\"50\">F\u00e4rdigt gr\u00e4s<\/h2>\n<\/div>\n<\/div><a href=\"https:\/\/beta.crophealthab.com\/?p=595\" class=\"kb-section-link-overlay\"><\/a><\/div>\n\n\n\n<div class=\"wp-block-kadence-column kadence-column291_a950b2-36\"><div class=\"kt-inside-inner-col\"><\/div><\/div>\n\n\n\n<div class=\"wp-block-kadence-column kadence-column291_922517-60\"><div class=\"kt-inside-inner-col\"><\/div><\/div>\n\n\n\n<div class=\"wp-block-kadence-column kadence-column291_6b7eed-51\"><div class=\"kt-inside-inner-col\"><\/div><\/div>\n\n<\/div><\/div><\/div>\n<\/div>\n","protected":false},"excerpt":{"rendered":"<p>Vi erbjuder noga utvalda gr\u00e4sblandningar anpassade f\u00f6r golf, fotboll och andra sportytor, samt blandningar f\u00f6r naturliga \u00e4ngsmilj\u00f6er. Sortimentet inkluderar \u00e4ven specialiserade krypvensblandningar f\u00f6r h\u00f6gsta kvalitet p\u00e5 greener och finytor. F\u00f6r den som vill ha ett snabbt och j\u00e4mnt resultat finns f\u00e4rdigt greengr\u00e4s p\u00e5 rulle \u2013 exklusiv krypven fr\u00e5n Spanien. Fr\u00f6 F\u00e4rdigt gr\u00e4s<\/p>\n","protected":false},"author":1,"featured_media":0,"parent":189,"menu_order":0,"comment_status":"closed","ping_status":"closed","template":"produktkategori","meta":{"_crdt_document":"","footnotes":""},"class_list":["post-291","page","type-page","status-publish","hentry"],"_links":{"self":[{"href":"https:\/\/beta.crophealthab.com\/index.php?rest_route=\/wp\/v2\/pages\/291","targetHints":{"allow":["GET"]}}],"collection":[{"href":"https:\/\/beta.crophealthab.com\/index.php?rest_route=\/wp\/v2\/pages"}],"about":[{"href":"https:\/\/beta.crophealthab.com\/index.php?rest_route=\/wp\/v2\/types\/page"}],"author":[{"embeddable":true,"href":"https:\/\/beta.crophealthab.com\/index.php?rest_route=\/wp\/v2\/users\/1"}],"replies":[{"embeddable":true,"href":"https:\/\/beta.crophealthab.com\/index.php?rest_route=%2Fwp%2Fv2%2Fcomments&post=291"}],"version-history":[{"count":8,"href":"https:\/\/beta.crophealthab.com\/index.php?rest_route=\/wp\/v2\/pages\/291\/revisions"}],"predecessor-version":[{"id":1584,"href":"https:\/\/beta.crophealthab.com\/index.php?rest_route=\/wp\/v2\/pages\/291\/revisions\/1584"}],"up":[{"embeddable":true,"href":"https:\/\/beta.crophealthab.com\/index.php?rest_route=\/wp\/v2\/pages\/189"}],"wp:attachment":[{"href":"https:\/\/beta.crophealthab.com\/index.php?rest_route=%2Fwp%2Fv2%2Fmedia&parent=291"}],"curies":[{"name":"wp","href":"https:\/\/api.w.org\/{rel}","templated":true}]}}