{"id":304,"date":"2025-07-29T15:52:37","date_gmt":"2025-07-29T13:52:37","guid":{"rendered":"https:\/\/beta.crophealthab.com\/?page_id=304"},"modified":"2025-09-17T10:37:19","modified_gmt":"2025-09-17T08:37:19","slug":"green","status":"publish","type":"page","link":"https:\/\/beta.crophealthab.com\/?page_id=304","title":{"rendered":"Green"},"content":{"rendered":"\n<div class=\"wp-block-group alignwide is-layout-flow wp-block-group-is-layout-flow\" style=\"padding-bottom:0\">\n<p class=\"has-medium-font-size wp-block-paragraph\" data-aos=\"fade-right\" data-aos-delay=\"500\">F\u00f6r golfgreener och andra finklippta gr\u00e4sytor kr\u00e4vs precision och h\u00f6gsta kvalitet. <br>Vi erbjuder flytande och granul\u00e4ra g\u00f6dningsmedel, v\u00e4tmedel och kristallina produkter som s\u00e4kerst\u00e4ller j\u00e4mn tillv\u00e4xt, starka r\u00f6tter och optimal spelbarhet. <br>V\u00e5ra l\u00f6sningar hj\u00e4lper till att skapa t\u00e4ta, friska greener med b\u00e4ttre motst\u00e5ndskraft mot stress och sjukdomar.<\/p>\n<\/div>\n\n\n\n<div class=\"wp-block-group alignfull has-global-padding is-layout-constrained wp-block-group-is-layout-constrained\">\n<div class=\"wp-block-group alignwide is-layout-flow wp-block-group-is-layout-flow\"><div class=\"kb-row-layout-wrap kb-row-layout-id304_0bedd8-37 alignwide wp-block-kadence-rowlayout\"><div class=\"kt-row-column-wrap kt-has-5-columns kt-row-layout-equal kt-tab-layout-inherit kt-mobile-layout-row kt-row-valign-top\">\n\n<div class=\"wp-block-kadence-column kadence-column304_7b5a31-3b kb-section-has-link hvr-bob\"><div class=\"kt-inside-inner-col\">\n<figure class=\"wp-block-image size-large has-custom-border\" data-aos=\"fade-up\" data-aos-duration=\"500\" data-aos-offset=\"50\"><img loading=\"lazy\" decoding=\"async\" width=\"819\" height=\"1024\" src=\"https:\/\/beta.crophealthab.com\/wp-content\/uploads\/2025\/08\/Spruttruck-819x1024.jpg\" alt=\"\" class=\"wp-image-760\" style=\"border-radius:25px\" srcset=\"https:\/\/beta.crophealthab.com\/wp-content\/uploads\/2025\/08\/Spruttruck-819x1024.jpg 819w, https:\/\/beta.crophealthab.com\/wp-content\/uploads\/2025\/08\/Spruttruck-240x300.jpg 240w, https:\/\/beta.crophealthab.com\/wp-content\/uploads\/2025\/08\/Spruttruck-768x960.jpg 768w, https:\/\/beta.crophealthab.com\/wp-content\/uploads\/2025\/08\/Spruttruck.jpg 1086w\" sizes=\"auto, (max-width: 819px) 100vw, 819px\" \/><\/figure>\n\n\n\n<div class=\"wp-block-group is-nowrap is-layout-flex wp-container-core-group-is-layout-3a88641f wp-block-group-is-layout-flex\">\n<h2 class=\"wp-block-heading has-base-color has-text-color has-background has-link-color has-large-font-size wp-elements-ee6026cde21f9be93bbc47e5b0f6f4e1\" style=\"border-radius:25px;background:linear-gradient(300deg,rgb(117,158,46) 0%,rgb(153,202,58) 100%);margin-top:-50px;margin-left:var(--wp--preset--spacing--30);padding-top:var(--wp--preset--spacing--20);padding-right:var(--wp--preset--spacing--30);padding-bottom:var(--wp--preset--spacing--20);padding-left:var(--wp--preset--spacing--30)\" data-aos=\"zoom-in\" data-aos-delay=\"200\" data-aos-duration=\"200\" data-aos-offset=\"50\">Flytande G\u00f6dning<\/h2>\n<\/div>\n<\/div><a href=\"https:\/\/beta.crophealthab.com\/?page_id=310\" class=\"kb-section-link-overlay\"><\/a><\/div>\n\n\n\n<div class=\"wp-block-kadence-column kadence-column304_0b42b8-34 kb-section-has-link hvr-bob\"><div class=\"kt-inside-inner-col\">\n<figure class=\"wp-block-image size-large has-custom-border\" data-aos=\"fade-up\" data-aos-duration=\"500\" data-aos-offset=\"50\"><img loading=\"lazy\" decoding=\"async\" width=\"819\" height=\"1024\" src=\"https:\/\/beta.crophealthab.com\/wp-content\/uploads\/2025\/08\/DSCF3981-819x1024.jpg\" alt=\"\" class=\"wp-image-1063\" style=\"border-radius:25px\" srcset=\"https:\/\/beta.crophealthab.com\/wp-content\/uploads\/2025\/08\/DSCF3981-819x1024.jpg 819w, https:\/\/beta.crophealthab.com\/wp-content\/uploads\/2025\/08\/DSCF3981-240x300.jpg 240w, https:\/\/beta.crophealthab.com\/wp-content\/uploads\/2025\/08\/DSCF3981-768x960.jpg 768w, https:\/\/beta.crophealthab.com\/wp-content\/uploads\/2025\/08\/DSCF3981-1229x1536.jpg 1229w, https:\/\/beta.crophealthab.com\/wp-content\/uploads\/2025\/08\/DSCF3981.jpg 1536w\" sizes=\"auto, (max-width: 819px) 100vw, 819px\" \/><\/figure>\n\n\n\n<div class=\"wp-block-group is-nowrap is-layout-flex wp-container-core-group-is-layout-3a88641f wp-block-group-is-layout-flex\">\n<h2 class=\"wp-block-heading has-base-color has-text-color has-background has-link-color has-large-font-size wp-elements-03ef8db7c03b2c92e61e435a2e40dd91\" style=\"border-radius:25px;background:linear-gradient(300deg,rgb(117,158,46) 0%,rgb(153,202,58) 100%);margin-top:-50px;margin-left:var(--wp--preset--spacing--30);padding-top:var(--wp--preset--spacing--20);padding-right:var(--wp--preset--spacing--30);padding-bottom:var(--wp--preset--spacing--20);padding-left:var(--wp--preset--spacing--30)\" data-aos=\"zoom-in\" data-aos-delay=\"200\" data-aos-duration=\"200\" data-aos-offset=\"50\">Granulat<\/h2>\n<\/div>\n<\/div><a href=\"https:\/\/beta.crophealthab.com\/?cat=33\" class=\"kb-section-link-overlay\"><\/a><\/div>\n\n\n\n<div class=\"wp-block-kadence-column kadence-column304_e104b4-b9 kb-section-has-link hvr-bob\"><div class=\"kt-inside-inner-col\">\n<figure class=\"wp-block-image size-large has-custom-border\" data-aos=\"fade-up\" data-aos-duration=\"500\" data-aos-offset=\"50\"><img loading=\"lazy\" decoding=\"async\" width=\"819\" height=\"1024\" src=\"https:\/\/beta.crophealthab.com\/wp-content\/uploads\/2025\/08\/sugar-1514247_1280-819x1024.jpg\" alt=\"\" class=\"wp-image-761\" style=\"border-radius:25px\" srcset=\"https:\/\/beta.crophealthab.com\/wp-content\/uploads\/2025\/08\/sugar-1514247_1280-819x1024.jpg 819w, https:\/\/beta.crophealthab.com\/wp-content\/uploads\/2025\/08\/sugar-1514247_1280-240x300.jpg 240w, https:\/\/beta.crophealthab.com\/wp-content\/uploads\/2025\/08\/sugar-1514247_1280-768x960.jpg 768w, https:\/\/beta.crophealthab.com\/wp-content\/uploads\/2025\/08\/sugar-1514247_1280-1229x1536.jpg 1229w, https:\/\/beta.crophealthab.com\/wp-content\/uploads\/2025\/08\/sugar-1514247_1280.jpg 1536w\" sizes=\"auto, (max-width: 819px) 100vw, 819px\" \/><\/figure>\n\n\n\n<div class=\"wp-block-group is-nowrap is-layout-flex wp-container-core-group-is-layout-3a88641f wp-block-group-is-layout-flex\">\n<h2 class=\"wp-block-heading has-base-color has-text-color has-background has-link-color has-large-font-size wp-elements-db4e79a4840b842541af3af3158d4c12\" style=\"border-radius:25px;background:linear-gradient(300deg,rgb(117,158,46) 0%,rgb(153,202,58) 100%);margin-top:-50px;margin-left:var(--wp--preset--spacing--30);padding-top:var(--wp--preset--spacing--20);padding-right:var(--wp--preset--spacing--30);padding-bottom:var(--wp--preset--spacing--20);padding-left:var(--wp--preset--spacing--30)\" data-aos=\"zoom-in\" data-aos-delay=\"200\" data-aos-duration=\"200\" data-aos-offset=\"50\">Kristallin<\/h2>\n<\/div>\n<\/div><a href=\"https:\/\/beta.crophealthab.com\/?cat=35\" class=\"kb-section-link-overlay\"><\/a><\/div>\n\n\n\n<div class=\"wp-block-kadence-column kadence-column304_1e6b38-b7 kb-section-has-link hvr-bob\"><div class=\"kt-inside-inner-col\">\n<figure class=\"wp-block-image size-large has-custom-border\" data-aos=\"fade-up\" data-aos-duration=\"500\" data-aos-offset=\"50\"><img loading=\"lazy\" decoding=\"async\" width=\"819\" height=\"1024\" src=\"https:\/\/beta.crophealthab.com\/wp-content\/uploads\/2025\/08\/Nat-1-819x1024.jpg\" alt=\"\" class=\"wp-image-746\" style=\"border-radius:25px\" srcset=\"https:\/\/beta.crophealthab.com\/wp-content\/uploads\/2025\/08\/Nat-1-819x1024.jpg 819w, https:\/\/beta.crophealthab.com\/wp-content\/uploads\/2025\/08\/Nat-1-240x300.jpg 240w, https:\/\/beta.crophealthab.com\/wp-content\/uploads\/2025\/08\/Nat-1-768x960.jpg 768w, https:\/\/beta.crophealthab.com\/wp-content\/uploads\/2025\/08\/Nat-1-1229x1536.jpg 1229w, https:\/\/beta.crophealthab.com\/wp-content\/uploads\/2025\/08\/Nat-1.jpg 1536w\" sizes=\"auto, (max-width: 819px) 100vw, 819px\" \/><\/figure>\n\n\n\n<div class=\"wp-block-group is-nowrap is-layout-flex wp-container-core-group-is-layout-3a88641f wp-block-group-is-layout-flex\">\n<h2 class=\"wp-block-heading has-base-color has-text-color has-background has-link-color has-large-font-size wp-elements-6a82d7014f85e2f8f42d2b49ce3425bc\" style=\"border-radius:25px;background:linear-gradient(300deg,rgb(117,158,46) 0%,rgb(153,202,58) 100%);margin-top:-50px;margin-left:var(--wp--preset--spacing--30);padding-top:var(--wp--preset--spacing--20);padding-right:var(--wp--preset--spacing--30);padding-bottom:var(--wp--preset--spacing--20);padding-left:var(--wp--preset--spacing--30)\" data-aos=\"zoom-in\" data-aos-delay=\"200\" data-aos-duration=\"200\" data-aos-offset=\"50\">V\u00e4tmedel<\/h2>\n<\/div>\n<\/div><a href=\"https:\/\/beta.crophealthab.com\/?cat=34\" class=\"kb-section-link-overlay\"><\/a><\/div>\n\n\n\n<div class=\"wp-block-kadence-column kadence-column304_e40491-72 kb-section-has-link hvr-bob\"><div class=\"kt-inside-inner-col\">\n<figure class=\"wp-block-image size-large has-custom-border\" data-aos=\"fade-up\" data-aos-duration=\"500\" data-aos-offset=\"50\"><img loading=\"lazy\" decoding=\"async\" width=\"819\" height=\"1024\" src=\"https:\/\/beta.crophealthab.com\/wp-content\/uploads\/2025\/08\/LMI-819x1024.jpg\" alt=\"\" class=\"wp-image-771\" style=\"border-radius:25px\" srcset=\"https:\/\/beta.crophealthab.com\/wp-content\/uploads\/2025\/08\/LMI-819x1024.jpg 819w, https:\/\/beta.crophealthab.com\/wp-content\/uploads\/2025\/08\/LMI-240x300.jpg 240w, https:\/\/beta.crophealthab.com\/wp-content\/uploads\/2025\/08\/LMI-768x960.jpg 768w, https:\/\/beta.crophealthab.com\/wp-content\/uploads\/2025\/08\/LMI.jpg 1080w\" sizes=\"auto, (max-width: 819px) 100vw, 819px\" \/><\/figure>\n\n\n\n<div class=\"wp-block-group is-nowrap is-layout-flex wp-container-core-group-is-layout-3a88641f wp-block-group-is-layout-flex\">\n<h2 class=\"wp-block-heading has-base-color has-text-color has-background has-link-color has-large-font-size wp-elements-798cf136956478abf800341cf3184241\" style=\"border-radius:25px;background:linear-gradient(300deg,rgb(117,158,46) 0%,rgb(153,202,58) 100%);margin-top:-50px;margin-left:var(--wp--preset--spacing--30);padding-top:var(--wp--preset--spacing--20);padding-right:var(--wp--preset--spacing--30);padding-bottom:var(--wp--preset--spacing--20);padding-left:var(--wp--preset--spacing--30)\" data-aos=\"zoom-in\" data-aos-delay=\"200\" data-aos-duration=\"200\" data-aos-offset=\"50\">Basprodukter LMI<\/h2>\n<\/div>\n<\/div><a href=\"https:\/\/beta.crophealthab.com\/?cat=36\" class=\"kb-section-link-overlay\"><\/a><\/div>\n\n<\/div><\/div><\/div>\n<\/div>\n\n\n\n<p class=\"wp-block-paragraph\"><\/p>\n","protected":false},"excerpt":{"rendered":"<p>F\u00f6r golfgreener och andra finklippta gr\u00e4sytor kr\u00e4vs precision och h\u00f6gsta kvalitet. Vi erbjuder flytande och granul\u00e4ra g\u00f6dningsmedel, v\u00e4tmedel och kristallina produkter som s\u00e4kerst\u00e4ller j\u00e4mn tillv\u00e4xt, starka r\u00f6tter och optimal spelbarhet. V\u00e5ra l\u00f6sningar hj\u00e4lper till att skapa t\u00e4ta, friska greener med b\u00e4ttre motst\u00e5ndskraft mot stress och sjukdomar. Flytande G\u00f6dning Granulat Kristallin V\u00e4tmedel Basprodukter LMI<\/p>\n","protected":false},"author":1,"featured_media":0,"parent":280,"menu_order":0,"comment_status":"closed","ping_status":"closed","template":"produktkategori","meta":{"_crdt_document":"","footnotes":""},"class_list":["post-304","page","type-page","status-publish","hentry"],"_links":{"self":[{"href":"https:\/\/beta.crophealthab.com\/index.php?rest_route=\/wp\/v2\/pages\/304","targetHints":{"allow":["GET"]}}],"collection":[{"href":"https:\/\/beta.crophealthab.com\/index.php?rest_route=\/wp\/v2\/pages"}],"about":[{"href":"https:\/\/beta.crophealthab.com\/index.php?rest_route=\/wp\/v2\/types\/page"}],"author":[{"embeddable":true,"href":"https:\/\/beta.crophealthab.com\/index.php?rest_route=\/wp\/v2\/users\/1"}],"replies":[{"embeddable":true,"href":"https:\/\/beta.crophealthab.com\/index.php?rest_route=%2Fwp%2Fv2%2Fcomments&post=304"}],"version-history":[{"count":14,"href":"https:\/\/beta.crophealthab.com\/index.php?rest_route=\/wp\/v2\/pages\/304\/revisions"}],"predecessor-version":[{"id":1600,"href":"https:\/\/beta.crophealthab.com\/index.php?rest_route=\/wp\/v2\/pages\/304\/revisions\/1600"}],"up":[{"embeddable":true,"href":"https:\/\/beta.crophealthab.com\/index.php?rest_route=\/wp\/v2\/pages\/280"}],"wp:attachment":[{"href":"https:\/\/beta.crophealthab.com\/index.php?rest_route=%2Fwp%2Fv2%2Fmedia&parent=304"}],"curies":[{"name":"wp","href":"https:\/\/api.w.org\/{rel}","templated":true}]}}